{"id":3607,"date":"2021-07-12T16:24:55","date_gmt":"2021-07-12T14:24:55","guid":{"rendered":"https:\/\/www.montolieu-livre.fr\/?page_id=3607"},"modified":"2023-02-22T15:22:45","modified_gmt":"2023-02-22T14:22:45","slug":"collection-de-bibliophilie-litterature-et-arts-graphiques","status":"publish","type":"page","link":"https:\/\/www.montolieu-livre.fr\/en\/book\/museum-of-book-arts-ad-crafts\/collection-de-bibliophilie-litterature-et-arts-graphiques\/","title":{"rendered":"Fran\u00e7ois Bernouard bibliophily fund"},"content":{"rendered":"\t\t<div data-elementor-type=\"wp-page\" data-elementor-id=\"3607\" class=\"elementor elementor-3607 elementor-93\" data-elementor-settings=\"{&quot;ha_cmc_init_switcher&quot;:&quot;no&quot;}\">\n\t\t\t\t\t\t<section class=\"elementor-section elementor-top-section elementor-element elementor-element-6bce0e2 elementor-section-full_width elementor-section-height-min-height elementor-section-stretched elementor-section-height-default elementor-section-items-middle\" data-id=\"6bce0e2\" data-element_type=\"section\" data-e-type=\"section\" data-settings=\"{&quot;stretch_section&quot;:&quot;section-stretched&quot;,&quot;background_background&quot;:&quot;classic&quot;,&quot;jet_parallax_layout_list&quot;:[{&quot;jet_parallax_layout_image&quot;:{&quot;url&quot;:&quot;&quot;,&quot;id&quot;:&quot;&quot;,&quot;size&quot;:&quot;&quot;},&quot;_id&quot;:&quot;79dd2b8&quot;,&quot;jet_parallax_layout_image_tablet&quot;:{&quot;url&quot;:&quot;&quot;,&quot;id&quot;:&quot;&quot;,&quot;size&quot;:&quot;&quot;},&quot;jet_parallax_layout_image_mobile&quot;:{&quot;url&quot;:&quot;&quot;,&quot;id&quot;:&quot;&quot;,&quot;size&quot;:&quot;&quot;},&quot;jet_parallax_layout_speed&quot;:{&quot;unit&quot;:&quot;%&quot;,&quot;size&quot;:50,&quot;sizes&quot;:[]},&quot;jet_parallax_layout_type&quot;:&quot;scroll&quot;,&quot;jet_parallax_layout_direction&quot;:&quot;1&quot;,&quot;jet_parallax_layout_fx_direction&quot;:null,&quot;jet_parallax_layout_z_index&quot;:&quot;&quot;,&quot;jet_parallax_layout_bg_x&quot;:50,&quot;jet_parallax_layout_bg_x_tablet&quot;:&quot;&quot;,&quot;jet_parallax_layout_bg_x_mobile&quot;:&quot;&quot;,&quot;jet_parallax_layout_bg_y&quot;:50,&quot;jet_parallax_layout_bg_y_tablet&quot;:&quot;&quot;,&quot;jet_parallax_layout_bg_y_mobile&quot;:&quot;&quot;,&quot;jet_parallax_layout_bg_size&quot;:&quot;auto&quot;,&quot;jet_parallax_layout_bg_size_tablet&quot;:&quot;&quot;,&quot;jet_parallax_layout_bg_size_mobile&quot;:&quot;&quot;,&quot;jet_parallax_layout_animation_prop&quot;:&quot;transform&quot;,&quot;jet_parallax_layout_on&quot;:[&quot;desktop&quot;,&quot;tablet&quot;]}],&quot;_ha_eqh_enable&quot;:false}\">\n\t\t\t\t\t\t<div class=\"elementor-container elementor-column-gap-default\">\n\t\t\t\t\t<div class=\"elementor-column elementor-col-100 elementor-top-column elementor-element elementor-element-28f51a9f\" data-id=\"28f51a9f\" data-element_type=\"column\" data-e-type=\"column\">\n\t\t\t<div class=\"elementor-widget-wrap elementor-element-populated\">\n\t\t\t\t\t\t<div class=\"elementor-element elementor-element-4759eb75 elementor-widget elementor-widget-heading\" data-id=\"4759eb75\" data-element_type=\"widget\" data-e-type=\"widget\" data-widget_type=\"heading.default\">\n\t\t\t\t<div class=\"elementor-widget-container\">\n\t\t\t\t\t<h1 class=\"elementor-heading-title elementor-size-default\">Fran\u00e7ois Bernouard bibliophily fund<\/h1>\t\t\t\t<\/div>\n\t\t\t\t<\/div>\n\t\t\t\t\t<\/div>\n\t\t<\/div>\n\t\t\t\t\t<\/div>\n\t\t<\/section>\n\t\t\t\t<section class=\"elementor-section elementor-top-section elementor-element elementor-element-7cb66dc8 fil-ariane elementor-section-boxed elementor-section-height-default elementor-section-height-default\" data-id=\"7cb66dc8\" data-element_type=\"section\" data-e-type=\"section\" data-settings=\"{&quot;jet_parallax_layout_list&quot;:[{&quot;jet_parallax_layout_image&quot;:{&quot;url&quot;:&quot;&quot;,&quot;id&quot;:&quot;&quot;,&quot;size&quot;:&quot;&quot;},&quot;_id&quot;:&quot;0c6e4aa&quot;,&quot;jet_parallax_layout_image_tablet&quot;:{&quot;url&quot;:&quot;&quot;,&quot;id&quot;:&quot;&quot;,&quot;size&quot;:&quot;&quot;},&quot;jet_parallax_layout_image_mobile&quot;:{&quot;url&quot;:&quot;&quot;,&quot;id&quot;:&quot;&quot;,&quot;size&quot;:&quot;&quot;},&quot;jet_parallax_layout_speed&quot;:{&quot;unit&quot;:&quot;%&quot;,&quot;size&quot;:50,&quot;sizes&quot;:[]},&quot;jet_parallax_layout_type&quot;:&quot;scroll&quot;,&quot;jet_parallax_layout_direction&quot;:&quot;1&quot;,&quot;jet_parallax_layout_fx_direction&quot;:null,&quot;jet_parallax_layout_z_index&quot;:&quot;&quot;,&quot;jet_parallax_layout_bg_x&quot;:50,&quot;jet_parallax_layout_bg_x_tablet&quot;:&quot;&quot;,&quot;jet_parallax_layout_bg_x_mobile&quot;:&quot;&quot;,&quot;jet_parallax_layout_bg_y&quot;:50,&quot;jet_parallax_layout_bg_y_tablet&quot;:&quot;&quot;,&quot;jet_parallax_layout_bg_y_mobile&quot;:&quot;&quot;,&quot;jet_parallax_layout_bg_size&quot;:&quot;auto&quot;,&quot;jet_parallax_layout_bg_size_tablet&quot;:&quot;&quot;,&quot;jet_parallax_layout_bg_size_mobile&quot;:&quot;&quot;,&quot;jet_parallax_layout_animation_prop&quot;:&quot;transform&quot;,&quot;jet_parallax_layout_on&quot;:[&quot;desktop&quot;,&quot;tablet&quot;]}],&quot;_ha_eqh_enable&quot;:false}\">\n\t\t\t\t\t\t<div class=\"elementor-container elementor-column-gap-default\">\n\t\t\t\t\t<div class=\"elementor-column elementor-col-100 elementor-top-column elementor-element elementor-element-15d2d5c2\" data-id=\"15d2d5c2\" data-element_type=\"column\" data-e-type=\"column\">\n\t\t\t<div class=\"elementor-widget-wrap elementor-element-populated\">\n\t\t\t\t\t\t<div class=\"elementor-element elementor-element-3d1d5c84 elementor-widget elementor-widget-text-editor\" data-id=\"3d1d5c84\" data-element_type=\"widget\" data-e-type=\"widget\" data-widget_type=\"text-editor.default\">\n\t\t\t\t<div class=\"elementor-widget-container\">\n\t\t\t\t\t\t\t\t\t<span><span><a href=\"https:\/\/www.montolieu-livre.fr\/en\/\">Home<\/a><\/span><\/span>\t\t\t\t\t\t\t\t<\/div>\n\t\t\t\t<\/div>\n\t\t\t\t\t<\/div>\n\t\t<\/div>\n\t\t\t\t\t<\/div>\n\t\t<\/section>\n\t\t\t\t<section class=\"elementor-section elementor-top-section elementor-element elementor-element-530840d elementor-section-boxed elementor-section-height-default elementor-section-height-default\" data-id=\"530840d\" data-element_type=\"section\" data-e-type=\"section\" data-settings=\"{&quot;jet_parallax_layout_list&quot;:[{&quot;jet_parallax_layout_image&quot;:{&quot;url&quot;:&quot;&quot;,&quot;id&quot;:&quot;&quot;,&quot;size&quot;:&quot;&quot;},&quot;_id&quot;:&quot;25c60e8&quot;,&quot;jet_parallax_layout_image_tablet&quot;:{&quot;url&quot;:&quot;&quot;,&quot;id&quot;:&quot;&quot;,&quot;size&quot;:&quot;&quot;},&quot;jet_parallax_layout_image_mobile&quot;:{&quot;url&quot;:&quot;&quot;,&quot;id&quot;:&quot;&quot;,&quot;size&quot;:&quot;&quot;},&quot;jet_parallax_layout_speed&quot;:{&quot;unit&quot;:&quot;%&quot;,&quot;size&quot;:50,&quot;sizes&quot;:[]},&quot;jet_parallax_layout_type&quot;:&quot;scroll&quot;,&quot;jet_parallax_layout_direction&quot;:&quot;1&quot;,&quot;jet_parallax_layout_fx_direction&quot;:null,&quot;jet_parallax_layout_z_index&quot;:&quot;&quot;,&quot;jet_parallax_layout_bg_x&quot;:50,&quot;jet_parallax_layout_bg_x_tablet&quot;:&quot;&quot;,&quot;jet_parallax_layout_bg_x_mobile&quot;:&quot;&quot;,&quot;jet_parallax_layout_bg_y&quot;:50,&quot;jet_parallax_layout_bg_y_tablet&quot;:&quot;&quot;,&quot;jet_parallax_layout_bg_y_mobile&quot;:&quot;&quot;,&quot;jet_parallax_layout_bg_size&quot;:&quot;auto&quot;,&quot;jet_parallax_layout_bg_size_tablet&quot;:&quot;&quot;,&quot;jet_parallax_layout_bg_size_mobile&quot;:&quot;&quot;,&quot;jet_parallax_layout_animation_prop&quot;:&quot;transform&quot;,&quot;jet_parallax_layout_on&quot;:[&quot;desktop&quot;,&quot;tablet&quot;]}],&quot;_ha_eqh_enable&quot;:false}\">\n\t\t\t\t\t\t<div class=\"elementor-container elementor-column-gap-default\">\n\t\t\t\t\t<div class=\"elementor-column elementor-col-50 elementor-top-column elementor-element elementor-element-128778c\" data-id=\"128778c\" data-element_type=\"column\" data-e-type=\"column\">\n\t\t\t<div class=\"elementor-widget-wrap elementor-element-populated\">\n\t\t\t\t\t\t<div class=\"elementor-element elementor-element-41b39ee elementor-widget elementor-widget-text-editor\" data-id=\"41b39ee\" data-element_type=\"widget\" data-e-type=\"widget\" data-widget_type=\"text-editor.default\">\n\t\t\t\t<div class=\"elementor-widget-container\">\n\t\t\t\t\t\t\t\t\t<p><strong>This collection of bibliophily was built up over many years by the printer and bibliophile Gustave-Arthur Dassonville (1913-1998). The acquisition of this collection was carried out in 2004 by the Montolieu Village du Livre et des Arts Association thanks to Ginette Litt-Dassonville, Jacques Audebert and the contribution of the association&#8217;s members and the following institutions: The European community (Leader +), the State and the prefecture of the Aude, the Drac, the Languedoc-Roussillon Region, the General Council of the Aude, the Pays Carcassonnais, the Community of Communes of Cabard\u00e8s to the Canal du Midi and the Town Hall of Montolieu.<\/strong><\/p><p>Poet, printer and typographer, it is by receiving the copies of Les Roses sous la Bruine, his first publication, that Fran\u00e7ois Bernouard (1884-1949) promised himself not to trust any more the contemporary printers and employed himself, in particular through the publication of booklets, his first love, to deploy the significant force of the rules of page-setting and typography.<\/p><p>In 1909, he created his publishing house, &#8220;A la Belle Edition&#8221;, which changed its name according to the publications: &#8220;Fran\u00e7ois Bernouard&#8221;, &#8220;Typographie Fran\u00e7ois Bernouard&#8221; and &#8220;A Sch\u00e9h\u00e9razade&#8221;.<\/p><p>Thus, even if the rose, a &#8220;mark&#8221; designed by Paul Iribe, is constant on the covers of the catalog titles, it must be recognized that between the mischievous play on the identities of Fran\u00e7ois Bernouard himself and the copies or forgeries that are present on the market, Gustave-Arthur Dassonville&#8217;s work of census and collection has a taste of quest.<\/p><p>At the crossroads of the decorative book -the book as an object of decorative art that must harmonize with an interior- and the poor book -not meeting the criteria of bibliophily- Fran\u00e7ois Bernouard initiated a new type of publishing: the creative book. His taste for incunabula and the fonts Baskerville and Elz\u00e9vir are the starting point for innovative typographic experiments (text colors, play with whites and solids, scripted dialogues between plates and texts).<\/p><p>Sources :<\/p><p><em>Fran\u00e7ois Bernouard Poet, typographer, printer, publisher, bookseller, Claire Giovanangeli-Taoussi, Association Montolieu Village du Livre et des Arts, 2009. (catalog of the collection)<\/em><\/p><p><em>Fran\u00e7ois Bernouard, L&#8217;\u00e9diteur \u00e0 la rose, architecte (d&#8217;int\u00e9rieur) du livre, Sophie Lesiewicz, in Les Architectes du livre, edited by Anne-Christine Roy\u00e8re and Julien Schuh, 2021.<\/em><\/p>\t\t\t\t\t\t\t\t<\/div>\n\t\t\t\t<\/div>\n\t\t\t\t\t<\/div>\n\t\t<\/div>\n\t\t\t\t<div class=\"elementor-column elementor-col-50 elementor-top-column elementor-element elementor-element-72a0dc1\" data-id=\"72a0dc1\" data-element_type=\"column\" data-e-type=\"column\">\n\t\t\t<div class=\"elementor-widget-wrap elementor-element-populated\">\n\t\t\t\t\t\t<div class=\"elementor-element elementor-element-6edffc0 elementor-widget elementor-widget-image\" data-id=\"6edffc0\" data-element_type=\"widget\" data-e-type=\"widget\" data-widget_type=\"image.default\">\n\t\t\t\t<div class=\"elementor-widget-container\">\n\t\t\t\t\t\t\t\t\t\t\t\t\t\t\t<img fetchpriority=\"high\" decoding=\"async\" width=\"768\" height=\"1024\" src=\"https:\/\/www.montolieu-livre.fr\/wp-content\/uploads\/2021\/08\/Produit-boutique_francois-bernouard1-768x1024.jpg\" class=\"attachment-large size-large wp-image-3478\" alt=\"\" srcset=\"https:\/\/www.montolieu-livre.fr\/wp-content\/uploads\/2021\/08\/Produit-boutique_francois-bernouard1-768x1024.jpg 768w, https:\/\/www.montolieu-livre.fr\/wp-content\/uploads\/2021\/08\/Produit-boutique_francois-bernouard1-225x300.jpg 225w, https:\/\/www.montolieu-livre.fr\/wp-content\/uploads\/2021\/08\/Produit-boutique_francois-bernouard1-300x400.jpg 300w, https:\/\/www.montolieu-livre.fr\/wp-content\/uploads\/2021\/08\/Produit-boutique_francois-bernouard1-600x800.jpg 600w, https:\/\/www.montolieu-livre.fr\/wp-content\/uploads\/2021\/08\/Produit-boutique_francois-bernouard1.jpg 1000w\" sizes=\"(max-width: 768px) 100vw, 768px\" \/>\t\t\t\t\t\t\t\t\t\t\t\t\t\t\t<\/div>\n\t\t\t\t<\/div>\n\t\t\t\t\t<\/div>\n\t\t<\/div>\n\t\t\t\t\t<\/div>\n\t\t<\/section>\n\t\t\t\t<\/div>\n\t\t","protected":false},"excerpt":{"rendered":"<p>Fran\u00e7ois Bernouard bibliophily fund This collection of bibliophily was built up over many years by the printer and bibliophile Gustave-Arthur Dassonville (1913-1998). The acquisition of this collection was carried out in 2004 by the Montolieu Village du Livre et des Arts Association thanks to Ginette Litt-Dassonville, Jacques Audebert and the contribution of the association&#8217;s members [&hellip;]<\/p>\n","protected":false},"author":1,"featured_media":3021,"parent":4207,"menu_order":0,"comment_status":"closed","ping_status":"closed","template":"","meta":{"_acf_changed":false,"inline_featured_image":false,"footnotes":""},"class_list":["post-3607","page","type-page","status-publish","has-post-thumbnail","hentry"],"acf":[],"yoast_head":"<!-- This site is optimized with the Yoast SEO plugin v27.4 - https:\/\/yoast.com\/product\/yoast-seo-wordpress\/ -->\n<title>Fran\u00e7ois Bernouard bibliophily fund - Montolieu<\/title>\n<meta name=\"description\" content=\"Fran\u00e7ois Bernouard bibliophily fund This collection of bibliophily was built up over many years by the printer and bibliophile Gustave-Arthur Dassonville Fran\u00e7ois Bernouard bibliophily fund, Montolieu Village du Livre Montolieu\" \/>\n<meta name=\"robots\" content=\"index, follow, max-snippet:-1, max-image-preview:large, max-video-preview:-1\" \/>\n<link rel=\"canonical\" href=\"https:\/\/www.montolieu-livre.fr\/en\/book\/museum-of-book-arts-ad-crafts\/collection-de-bibliophilie-litterature-et-arts-graphiques\/\" \/>\n<meta property=\"og:locale\" content=\"en_US\" \/>\n<meta property=\"og:type\" content=\"article\" \/>\n<meta property=\"og:title\" content=\"Fran\u00e7ois Bernouard bibliophily fund - Montolieu\" \/>\n<meta property=\"og:description\" content=\"Fran\u00e7ois Bernouard bibliophily fund This collection of bibliophily was built up over many years by the printer and bibliophile Gustave-Arthur Dassonville Fran\u00e7ois Bernouard bibliophily fund, Montolieu Village du Livre Montolieu\" \/>\n<meta property=\"og:url\" content=\"https:\/\/www.montolieu-livre.fr\/en\/book\/museum-of-book-arts-ad-crafts\/collection-de-bibliophilie-litterature-et-arts-graphiques\/\" \/>\n<meta property=\"og:site_name\" content=\"Montolieu\" \/>\n<meta property=\"article:publisher\" content=\"https:\/\/www.facebook.com\/Montolieu-Village-du-Livre-et-des-Arts-109746894657727\" \/>\n<meta property=\"article:modified_time\" content=\"2023-02-22T14:22:45+00:00\" \/>\n<meta property=\"og:image\" content=\"https:\/\/www.montolieu-livre.fr\/wp-content\/uploads\/2021\/09\/logo-p.jpg\" \/>\n\t<meta property=\"og:image:width\" content=\"350\" \/>\n\t<meta property=\"og:image:height\" content=\"250\" \/>\n\t<meta property=\"og:image:type\" content=\"image\/jpeg\" \/>\n<meta name=\"twitter:card\" content=\"summary_large_image\" \/>\n<meta name=\"twitter:label1\" content=\"Est. reading time\" \/>\n\t<meta name=\"twitter:data1\" content=\"3 minutes\" \/>\n<script type=\"application\/ld+json\" class=\"yoast-schema-graph\">{\"@context\":\"https:\\\/\\\/schema.org\",\"@graph\":[{\"@type\":\"WebPage\",\"@id\":\"https:\\\/\\\/www.montolieu-livre.fr\\\/en\\\/book\\\/museum-of-book-arts-ad-crafts\\\/collection-de-bibliophilie-litterature-et-arts-graphiques\\\/\",\"url\":\"https:\\\/\\\/www.montolieu-livre.fr\\\/en\\\/book\\\/museum-of-book-arts-ad-crafts\\\/collection-de-bibliophilie-litterature-et-arts-graphiques\\\/\",\"name\":\"Fran\u00e7ois Bernouard bibliophily fund - Montolieu\",\"isPartOf\":{\"@id\":\"https:\\\/\\\/www.montolieu-livre.fr\\\/en\\\/#website\"},\"primaryImageOfPage\":{\"@id\":\"https:\\\/\\\/www.montolieu-livre.fr\\\/en\\\/book\\\/museum-of-book-arts-ad-crafts\\\/collection-de-bibliophilie-litterature-et-arts-graphiques\\\/#primaryimage\"},\"image\":{\"@id\":\"https:\\\/\\\/www.montolieu-livre.fr\\\/en\\\/book\\\/museum-of-book-arts-ad-crafts\\\/collection-de-bibliophilie-litterature-et-arts-graphiques\\\/#primaryimage\"},\"thumbnailUrl\":\"https:\\\/\\\/www.montolieu-livre.fr\\\/wp-content\\\/uploads\\\/2021\\\/09\\\/logo-p.jpg\",\"datePublished\":\"2021-07-12T14:24:55+00:00\",\"dateModified\":\"2023-02-22T14:22:45+00:00\",\"description\":\"Fran\u00e7ois Bernouard bibliophily fund This collection of bibliophily was built up over many years by the printer and bibliophile Gustave-Arthur Dassonville Fran\u00e7ois Bernouard bibliophily fund, Montolieu Village du Livre Montolieu\",\"breadcrumb\":{\"@id\":\"https:\\\/\\\/www.montolieu-livre.fr\\\/en\\\/book\\\/museum-of-book-arts-ad-crafts\\\/collection-de-bibliophilie-litterature-et-arts-graphiques\\\/#breadcrumb\"},\"inLanguage\":\"en-US\",\"potentialAction\":[{\"@type\":\"ReadAction\",\"target\":[\"https:\\\/\\\/www.montolieu-livre.fr\\\/en\\\/book\\\/museum-of-book-arts-ad-crafts\\\/collection-de-bibliophilie-litterature-et-arts-graphiques\\\/\"]}]},{\"@type\":\"ImageObject\",\"inLanguage\":\"en-US\",\"@id\":\"https:\\\/\\\/www.montolieu-livre.fr\\\/en\\\/book\\\/museum-of-book-arts-ad-crafts\\\/collection-de-bibliophilie-litterature-et-arts-graphiques\\\/#primaryimage\",\"url\":\"https:\\\/\\\/www.montolieu-livre.fr\\\/wp-content\\\/uploads\\\/2021\\\/09\\\/logo-p.jpg\",\"contentUrl\":\"https:\\\/\\\/www.montolieu-livre.fr\\\/wp-content\\\/uploads\\\/2021\\\/09\\\/logo-p.jpg\",\"width\":350,\"height\":250},{\"@type\":\"BreadcrumbList\",\"@id\":\"https:\\\/\\\/www.montolieu-livre.fr\\\/en\\\/book\\\/museum-of-book-arts-ad-crafts\\\/collection-de-bibliophilie-litterature-et-arts-graphiques\\\/#breadcrumb\",\"itemListElement\":[{\"@type\":\"ListItem\",\"position\":1,\"name\":\"Home\",\"item\":\"https:\\\/\\\/www.montolieu-livre.fr\\\/en\\\/\"},{\"@type\":\"ListItem\",\"position\":2,\"name\":\"Book\",\"item\":\"https:\\\/\\\/www.montolieu-livre.fr\\\/en\\\/book\\\/\"},{\"@type\":\"ListItem\",\"position\":3,\"name\":\"Museum of book arts and crafts\",\"item\":\"https:\\\/\\\/www.montolieu-livre.fr\\\/en\\\/book\\\/museum-of-book-arts-ad-crafts\\\/\"},{\"@type\":\"ListItem\",\"position\":4,\"name\":\"Fran\u00e7ois Bernouard bibliophily fund\"}]},{\"@type\":\"WebSite\",\"@id\":\"https:\\\/\\\/www.montolieu-livre.fr\\\/en\\\/#website\",\"url\":\"https:\\\/\\\/www.montolieu-livre.fr\\\/en\\\/\",\"name\":\"Montolieu\",\"description\":\"Montolieu Village du Livre\",\"publisher\":{\"@id\":\"https:\\\/\\\/www.montolieu-livre.fr\\\/en\\\/#organization\"},\"potentialAction\":[{\"@type\":\"SearchAction\",\"target\":{\"@type\":\"EntryPoint\",\"urlTemplate\":\"https:\\\/\\\/www.montolieu-livre.fr\\\/en\\\/?s={search_term_string}\"},\"query-input\":{\"@type\":\"PropertyValueSpecification\",\"valueRequired\":true,\"valueName\":\"search_term_string\"}}],\"inLanguage\":\"en-US\"},{\"@type\":\"Organization\",\"@id\":\"https:\\\/\\\/www.montolieu-livre.fr\\\/en\\\/#organization\",\"name\":\"Montolieu Village du Livre\",\"url\":\"https:\\\/\\\/www.montolieu-livre.fr\\\/en\\\/\",\"logo\":{\"@type\":\"ImageObject\",\"inLanguage\":\"en-US\",\"@id\":\"https:\\\/\\\/www.montolieu-livre.fr\\\/en\\\/#\\\/schema\\\/logo\\\/image\\\/\",\"url\":\"https:\\\/\\\/www.montolieu-livre.fr\\\/wp-content\\\/uploads\\\/2021\\\/08\\\/cropped-logo-montolieu-generique.jpg\",\"contentUrl\":\"https:\\\/\\\/www.montolieu-livre.fr\\\/wp-content\\\/uploads\\\/2021\\\/08\\\/cropped-logo-montolieu-generique.jpg\",\"width\":512,\"height\":512,\"caption\":\"Montolieu Village du Livre\"},\"image\":{\"@id\":\"https:\\\/\\\/www.montolieu-livre.fr\\\/en\\\/#\\\/schema\\\/logo\\\/image\\\/\"},\"sameAs\":[\"https:\\\/\\\/www.facebook.com\\\/Montolieu-Village-du-Livre-et-des-Arts-109746894657727\"]}]}<\/script>\n<!-- \/ Yoast SEO plugin. -->","yoast_head_json":{"title":"Fran\u00e7ois Bernouard bibliophily fund - Montolieu","description":"Fran\u00e7ois Bernouard bibliophily fund This collection of bibliophily was built up over many years by the printer and bibliophile Gustave-Arthur Dassonville Fran\u00e7ois Bernouard bibliophily fund, Montolieu Village du Livre Montolieu","robots":{"index":"index","follow":"follow","max-snippet":"max-snippet:-1","max-image-preview":"max-image-preview:large","max-video-preview":"max-video-preview:-1"},"canonical":"https:\/\/www.montolieu-livre.fr\/en\/book\/museum-of-book-arts-ad-crafts\/collection-de-bibliophilie-litterature-et-arts-graphiques\/","og_locale":"en_US","og_type":"article","og_title":"Fran\u00e7ois Bernouard bibliophily fund - Montolieu","og_description":"Fran\u00e7ois Bernouard bibliophily fund This collection of bibliophily was built up over many years by the printer and bibliophile Gustave-Arthur Dassonville Fran\u00e7ois Bernouard bibliophily fund, Montolieu Village du Livre Montolieu","og_url":"https:\/\/www.montolieu-livre.fr\/en\/book\/museum-of-book-arts-ad-crafts\/collection-de-bibliophilie-litterature-et-arts-graphiques\/","og_site_name":"Montolieu","article_publisher":"https:\/\/www.facebook.com\/Montolieu-Village-du-Livre-et-des-Arts-109746894657727","article_modified_time":"2023-02-22T14:22:45+00:00","og_image":[{"width":350,"height":250,"url":"https:\/\/www.montolieu-livre.fr\/wp-content\/uploads\/2021\/09\/logo-p.jpg","type":"image\/jpeg"}],"twitter_card":"summary_large_image","twitter_misc":{"Est. reading time":"3 minutes"},"schema":{"@context":"https:\/\/schema.org","@graph":[{"@type":"WebPage","@id":"https:\/\/www.montolieu-livre.fr\/en\/book\/museum-of-book-arts-ad-crafts\/collection-de-bibliophilie-litterature-et-arts-graphiques\/","url":"https:\/\/www.montolieu-livre.fr\/en\/book\/museum-of-book-arts-ad-crafts\/collection-de-bibliophilie-litterature-et-arts-graphiques\/","name":"Fran\u00e7ois Bernouard bibliophily fund - Montolieu","isPartOf":{"@id":"https:\/\/www.montolieu-livre.fr\/en\/#website"},"primaryImageOfPage":{"@id":"https:\/\/www.montolieu-livre.fr\/en\/book\/museum-of-book-arts-ad-crafts\/collection-de-bibliophilie-litterature-et-arts-graphiques\/#primaryimage"},"image":{"@id":"https:\/\/www.montolieu-livre.fr\/en\/book\/museum-of-book-arts-ad-crafts\/collection-de-bibliophilie-litterature-et-arts-graphiques\/#primaryimage"},"thumbnailUrl":"https:\/\/www.montolieu-livre.fr\/wp-content\/uploads\/2021\/09\/logo-p.jpg","datePublished":"2021-07-12T14:24:55+00:00","dateModified":"2023-02-22T14:22:45+00:00","description":"Fran\u00e7ois Bernouard bibliophily fund This collection of bibliophily was built up over many years by the printer and bibliophile Gustave-Arthur Dassonville Fran\u00e7ois Bernouard bibliophily fund, Montolieu Village du Livre Montolieu","breadcrumb":{"@id":"https:\/\/www.montolieu-livre.fr\/en\/book\/museum-of-book-arts-ad-crafts\/collection-de-bibliophilie-litterature-et-arts-graphiques\/#breadcrumb"},"inLanguage":"en-US","potentialAction":[{"@type":"ReadAction","target":["https:\/\/www.montolieu-livre.fr\/en\/book\/museum-of-book-arts-ad-crafts\/collection-de-bibliophilie-litterature-et-arts-graphiques\/"]}]},{"@type":"ImageObject","inLanguage":"en-US","@id":"https:\/\/www.montolieu-livre.fr\/en\/book\/museum-of-book-arts-ad-crafts\/collection-de-bibliophilie-litterature-et-arts-graphiques\/#primaryimage","url":"https:\/\/www.montolieu-livre.fr\/wp-content\/uploads\/2021\/09\/logo-p.jpg","contentUrl":"https:\/\/www.montolieu-livre.fr\/wp-content\/uploads\/2021\/09\/logo-p.jpg","width":350,"height":250},{"@type":"BreadcrumbList","@id":"https:\/\/www.montolieu-livre.fr\/en\/book\/museum-of-book-arts-ad-crafts\/collection-de-bibliophilie-litterature-et-arts-graphiques\/#breadcrumb","itemListElement":[{"@type":"ListItem","position":1,"name":"Home","item":"https:\/\/www.montolieu-livre.fr\/en\/"},{"@type":"ListItem","position":2,"name":"Book","item":"https:\/\/www.montolieu-livre.fr\/en\/book\/"},{"@type":"ListItem","position":3,"name":"Museum of book arts and crafts","item":"https:\/\/www.montolieu-livre.fr\/en\/book\/museum-of-book-arts-ad-crafts\/"},{"@type":"ListItem","position":4,"name":"Fran\u00e7ois Bernouard bibliophily fund"}]},{"@type":"WebSite","@id":"https:\/\/www.montolieu-livre.fr\/en\/#website","url":"https:\/\/www.montolieu-livre.fr\/en\/","name":"Montolieu","description":"Montolieu Village du Livre","publisher":{"@id":"https:\/\/www.montolieu-livre.fr\/en\/#organization"},"potentialAction":[{"@type":"SearchAction","target":{"@type":"EntryPoint","urlTemplate":"https:\/\/www.montolieu-livre.fr\/en\/?s={search_term_string}"},"query-input":{"@type":"PropertyValueSpecification","valueRequired":true,"valueName":"search_term_string"}}],"inLanguage":"en-US"},{"@type":"Organization","@id":"https:\/\/www.montolieu-livre.fr\/en\/#organization","name":"Montolieu Village du Livre","url":"https:\/\/www.montolieu-livre.fr\/en\/","logo":{"@type":"ImageObject","inLanguage":"en-US","@id":"https:\/\/www.montolieu-livre.fr\/en\/#\/schema\/logo\/image\/","url":"https:\/\/www.montolieu-livre.fr\/wp-content\/uploads\/2021\/08\/cropped-logo-montolieu-generique.jpg","contentUrl":"https:\/\/www.montolieu-livre.fr\/wp-content\/uploads\/2021\/08\/cropped-logo-montolieu-generique.jpg","width":512,"height":512,"caption":"Montolieu Village du Livre"},"image":{"@id":"https:\/\/www.montolieu-livre.fr\/en\/#\/schema\/logo\/image\/"},"sameAs":["https:\/\/www.facebook.com\/Montolieu-Village-du-Livre-et-des-Arts-109746894657727"]}]}},"_links":{"self":[{"href":"https:\/\/www.montolieu-livre.fr\/en\/wp-json\/wp\/v2\/pages\/3607","targetHints":{"allow":["GET"]}}],"collection":[{"href":"https:\/\/www.montolieu-livre.fr\/en\/wp-json\/wp\/v2\/pages"}],"about":[{"href":"https:\/\/www.montolieu-livre.fr\/en\/wp-json\/wp\/v2\/types\/page"}],"author":[{"embeddable":true,"href":"https:\/\/www.montolieu-livre.fr\/en\/wp-json\/wp\/v2\/users\/1"}],"replies":[{"embeddable":true,"href":"https:\/\/www.montolieu-livre.fr\/en\/wp-json\/wp\/v2\/comments?post=3607"}],"version-history":[{"count":0,"href":"https:\/\/www.montolieu-livre.fr\/en\/wp-json\/wp\/v2\/pages\/3607\/revisions"}],"up":[{"embeddable":true,"href":"https:\/\/www.montolieu-livre.fr\/en\/wp-json\/wp\/v2\/pages\/4207"}],"wp:featuredmedia":[{"embeddable":true,"href":"https:\/\/www.montolieu-livre.fr\/en\/wp-json\/wp\/v2\/media\/3021"}],"wp:attachment":[{"href":"https:\/\/www.montolieu-livre.fr\/en\/wp-json\/wp\/v2\/media?parent=3607"}],"curies":[{"name":"wp","href":"https:\/\/api.w.org\/{rel}","templated":true}]}}