{"id":4136,"date":"2021-07-12T16:32:25","date_gmt":"2021-07-12T14:32:25","guid":{"rendered":"https:\/\/www.montolieu-livre.fr\/?page_id=4136"},"modified":"2023-02-22T17:59:20","modified_gmt":"2023-02-22T16:59:20","slug":"musee-cooperative-collection-ceres-franco","status":"publish","type":"page","link":"https:\/\/www.montolieu-livre.fr\/en\/art\/musee-cooperative-collection-ceres-franco\/","title":{"rendered":"Mus\u00e9e-Coop\u00e9rative Collection C\u00e9r\u00e8s Franco"},"content":{"rendered":"<h1>MUSEE-COOPERATIVE<br \/>\nCOLLECTION C\u00c9R\u00c8S FRANCO<\/h1>\n<span><span><a href=\"https:\/\/www.montolieu-livre.fr\/en\/\">Home<\/a><\/span><\/span>\n<p><strong>Historian and art critic, curator and gallery owner, C\u00e9res Franco has never ceased to collect works from all over the world, united by their creative freedom, their authenticity, their taste for figuration and color.<\/strong><\/p>\n<p><strong>Throughout her life, she wanted to share her passion with the greatest number of people by donating most of her collection to public institutions, which is now preserved here, in Montolieu, in this museum dedicated to her. This donation occurred in February 2020.<\/strong><\/p>\n<p>While each year, since the opening in 2015, a temporary exhibition presented one of the many facets of the collection, the choice was made this year, at the time of the donation, to present the entire collection.<\/p>\n<p>The exhibition &#8220;Les voleurs de feu&#8221; presents all the facets of the collection: anonymous artisans of popular art, naive, self-taught artists of art brut or singular, outsiders, artists of the New Figuration, expressionists, surrealists, and many unclassifiable according to the most usual conventions.<\/p>\n<p><iframe title=\"Montolieu (11) : exposition de la collection d&#039;art  de C\u00e9r\u00e8s Franco\" width=\"500\" height=\"281\" src=\"https:\/\/www.youtube.com\/embed\/0aDveV8KLkk?feature=oembed\" frameborder=\"0\" allow=\"accelerometer; autoplay; clipboard-write; encrypted-media; gyroscope; picture-in-picture; web-share\" referrerpolicy=\"strict-origin-when-cross-origin\" allowfullscreen><\/iframe><br \/>\n<img fetchpriority=\"high\" decoding=\"async\" src=\"https:\/\/www.montolieu-livre.fr\/wp-content\/uploads\/2021\/07\/logo_ceres-franco@2x.png\" sizes=\"(max-width: 592px) 100vw, 592px\" srcset=\"https:\/\/www.montolieu-livre.fr\/wp-content\/uploads\/2021\/07\/logo_ceres-franco@2x.png 592w, https:\/\/www.montolieu-livre.fr\/wp-content\/uploads\/2021\/07\/logo_ceres-franco@2x-300x117.png 300w\" alt=\"\" width=\"592\" height=\"230\" \/><\/p>\n<h4>La Coop\u00e9rative-Mus\u00e9e C\u00e9r\u00e8s Franco<\/h4>\n<p>5 route d&#8217;Alzonne<br \/>\n11170 Montolieu<br \/>\n04 68 76 12 54<br \/>\n<a href=\"mailto:info@collectionceresfranco.com\">info@collectionceresfranco.com<\/a><br \/>\n<a href=\"http:\/\/www.collectionceresfranco.com\" target=\"_blank\" rel=\"noopener\">www.collectionceresfranco.com<\/a><br \/>\n<a href=\"https:\/\/www.facebook.com\/cooperativecollectionceresfranco\" target=\"_blank\" rel=\"noopener\">www.facebook.com\/cooperativecollectionceresfranco<\/a><\/p>\n<h4>Opening hours and prices<\/h4>\n<p><strong>Opening:<\/strong> From April 16 to October 30, 2022<\/p>\n<p><strong>Opening hours:<\/strong> Tuesday to Sunday from 10am to 12:30pm and from 2:30pm to 6pm<\/p>\n<p><strong>Open on<\/strong> Mondays and holidays<\/p>\n<p><strong>Self-guided tour:<\/strong> 7 euros &#8211; 4 euros for job seekers and children under 16 years old<\/p>\n<p><strong>Guided tour:<\/strong> 10 euros &#8211; 4 euros for children under 16.<\/p>\n<p><iframe title=\"5 route d'Alzonne, 11170 Montolieu\" src=\"https:\/\/maps.google.com\/maps?q=5%20route%20d%27Alzonne%2C%2011170%20Montolieu&amp;t=m&amp;z=16&amp;output=embed&amp;iwloc=near\" aria-label=\"5 route d'Alzonne, 11170 Montolieu\"><\/iframe><\/p>\n","protected":false},"excerpt":{"rendered":"<p>MUSEE-COOPERATIVE COLLECTION C\u00c9R\u00c8S FRANCO Historian and art critic, curator and gallery owner, C\u00e9res Franco has never ceased to collect works from all over the world, united by their creative freedom, their authenticity, their taste for figuration and color. Throughout her life, she wanted to share her passion with the greatest number of people by donating [&hellip;]<\/p>\n","protected":false},"author":1,"featured_media":3021,"parent":4137,"menu_order":0,"comment_status":"closed","ping_status":"closed","template":"","meta":{"_acf_changed":false,"inline_featured_image":false,"footnotes":""},"class_list":["post-4136","page","type-page","status-publish","has-post-thumbnail","hentry"],"acf":[],"yoast_head":"<!-- This site is optimized with the Yoast SEO plugin v27.4 - https:\/\/yoast.com\/product\/yoast-seo-wordpress\/ -->\n<title>Mus\u00e9e-Coop\u00e9rative Collection C\u00e9r\u00e8s Franco - Montolieu<\/title>\n<meta name=\"description\" content=\"MUSEE-COOPERATIVE COLLECTION C\u00c9R\u00c8S FRANCO Historian and art critic, curator and gallery owner, C\u00e9res Franco has never ceased to collect works from all Mus\u00e9e-Coop\u00e9rative Collection C\u00e9r\u00e8s Franco, Montolieu Village du Livre Montolieu\" \/>\n<meta name=\"robots\" content=\"index, follow, max-snippet:-1, max-image-preview:large, max-video-preview:-1\" \/>\n<link rel=\"canonical\" href=\"https:\/\/www.montolieu-livre.fr\/en\/art\/musee-cooperative-collection-ceres-franco\/\" \/>\n<meta property=\"og:locale\" content=\"en_US\" \/>\n<meta property=\"og:type\" content=\"article\" \/>\n<meta property=\"og:title\" content=\"Mus\u00e9e-Coop\u00e9rative Collection C\u00e9r\u00e8s Franco - Montolieu\" \/>\n<meta property=\"og:description\" content=\"MUSEE-COOPERATIVE COLLECTION C\u00c9R\u00c8S FRANCO Historian and art critic, curator and gallery owner, C\u00e9res Franco has never ceased to collect works from all Mus\u00e9e-Coop\u00e9rative Collection C\u00e9r\u00e8s Franco, Montolieu Village du Livre Montolieu\" \/>\n<meta property=\"og:url\" content=\"https:\/\/www.montolieu-livre.fr\/en\/art\/musee-cooperative-collection-ceres-franco\/\" \/>\n<meta property=\"og:site_name\" content=\"Montolieu\" \/>\n<meta property=\"article:publisher\" content=\"https:\/\/www.facebook.com\/Montolieu-Village-du-Livre-et-des-Arts-109746894657727\" \/>\n<meta property=\"article:modified_time\" content=\"2023-02-22T16:59:20+00:00\" \/>\n<meta property=\"og:image\" content=\"https:\/\/www.montolieu-livre.fr\/wp-content\/uploads\/2021\/09\/logo-p.jpg\" \/>\n\t<meta property=\"og:image:width\" content=\"350\" \/>\n\t<meta property=\"og:image:height\" content=\"250\" \/>\n\t<meta property=\"og:image:type\" content=\"image\/jpeg\" \/>\n<meta name=\"twitter:card\" content=\"summary_large_image\" \/>\n<meta name=\"twitter:label1\" content=\"Est. reading time\" \/>\n\t<meta name=\"twitter:data1\" content=\"2 minutes\" \/>\n<script type=\"application\/ld+json\" class=\"yoast-schema-graph\">{\"@context\":\"https:\\\/\\\/schema.org\",\"@graph\":[{\"@type\":\"WebPage\",\"@id\":\"https:\\\/\\\/www.montolieu-livre.fr\\\/en\\\/art\\\/musee-cooperative-collection-ceres-franco\\\/\",\"url\":\"https:\\\/\\\/www.montolieu-livre.fr\\\/en\\\/art\\\/musee-cooperative-collection-ceres-franco\\\/\",\"name\":\"Mus\u00e9e-Coop\u00e9rative Collection C\u00e9r\u00e8s Franco - Montolieu\",\"isPartOf\":{\"@id\":\"https:\\\/\\\/www.montolieu-livre.fr\\\/en\\\/#website\"},\"primaryImageOfPage\":{\"@id\":\"https:\\\/\\\/www.montolieu-livre.fr\\\/en\\\/art\\\/musee-cooperative-collection-ceres-franco\\\/#primaryimage\"},\"image\":{\"@id\":\"https:\\\/\\\/www.montolieu-livre.fr\\\/en\\\/art\\\/musee-cooperative-collection-ceres-franco\\\/#primaryimage\"},\"thumbnailUrl\":\"https:\\\/\\\/www.montolieu-livre.fr\\\/wp-content\\\/uploads\\\/2021\\\/09\\\/logo-p.jpg\",\"datePublished\":\"2021-07-12T14:32:25+00:00\",\"dateModified\":\"2023-02-22T16:59:20+00:00\",\"description\":\"MUSEE-COOPERATIVE COLLECTION C\u00c9R\u00c8S FRANCO Historian and art critic, curator and gallery owner, C\u00e9res Franco has never ceased to collect works from all Mus\u00e9e-Coop\u00e9rative Collection C\u00e9r\u00e8s Franco, Montolieu Village du Livre Montolieu\",\"breadcrumb\":{\"@id\":\"https:\\\/\\\/www.montolieu-livre.fr\\\/en\\\/art\\\/musee-cooperative-collection-ceres-franco\\\/#breadcrumb\"},\"inLanguage\":\"en-US\",\"potentialAction\":[{\"@type\":\"ReadAction\",\"target\":[\"https:\\\/\\\/www.montolieu-livre.fr\\\/en\\\/art\\\/musee-cooperative-collection-ceres-franco\\\/\"]}]},{\"@type\":\"ImageObject\",\"inLanguage\":\"en-US\",\"@id\":\"https:\\\/\\\/www.montolieu-livre.fr\\\/en\\\/art\\\/musee-cooperative-collection-ceres-franco\\\/#primaryimage\",\"url\":\"https:\\\/\\\/www.montolieu-livre.fr\\\/wp-content\\\/uploads\\\/2021\\\/09\\\/logo-p.jpg\",\"contentUrl\":\"https:\\\/\\\/www.montolieu-livre.fr\\\/wp-content\\\/uploads\\\/2021\\\/09\\\/logo-p.jpg\",\"width\":350,\"height\":250},{\"@type\":\"BreadcrumbList\",\"@id\":\"https:\\\/\\\/www.montolieu-livre.fr\\\/en\\\/art\\\/musee-cooperative-collection-ceres-franco\\\/#breadcrumb\",\"itemListElement\":[{\"@type\":\"ListItem\",\"position\":1,\"name\":\"Home\",\"item\":\"https:\\\/\\\/www.montolieu-livre.fr\\\/en\\\/\"},{\"@type\":\"ListItem\",\"position\":2,\"name\":\"Art\",\"item\":\"https:\\\/\\\/www.montolieu-livre.fr\\\/en\\\/art\\\/\"},{\"@type\":\"ListItem\",\"position\":3,\"name\":\"Mus\u00e9e-Coop\u00e9rative Collection C\u00e9r\u00e8s Franco\"}]},{\"@type\":\"WebSite\",\"@id\":\"https:\\\/\\\/www.montolieu-livre.fr\\\/en\\\/#website\",\"url\":\"https:\\\/\\\/www.montolieu-livre.fr\\\/en\\\/\",\"name\":\"Montolieu\",\"description\":\"Montolieu Village du Livre\",\"publisher\":{\"@id\":\"https:\\\/\\\/www.montolieu-livre.fr\\\/en\\\/#organization\"},\"potentialAction\":[{\"@type\":\"SearchAction\",\"target\":{\"@type\":\"EntryPoint\",\"urlTemplate\":\"https:\\\/\\\/www.montolieu-livre.fr\\\/en\\\/?s={search_term_string}\"},\"query-input\":{\"@type\":\"PropertyValueSpecification\",\"valueRequired\":true,\"valueName\":\"search_term_string\"}}],\"inLanguage\":\"en-US\"},{\"@type\":\"Organization\",\"@id\":\"https:\\\/\\\/www.montolieu-livre.fr\\\/en\\\/#organization\",\"name\":\"Montolieu Village du Livre\",\"url\":\"https:\\\/\\\/www.montolieu-livre.fr\\\/en\\\/\",\"logo\":{\"@type\":\"ImageObject\",\"inLanguage\":\"en-US\",\"@id\":\"https:\\\/\\\/www.montolieu-livre.fr\\\/en\\\/#\\\/schema\\\/logo\\\/image\\\/\",\"url\":\"https:\\\/\\\/www.montolieu-livre.fr\\\/wp-content\\\/uploads\\\/2021\\\/08\\\/cropped-logo-montolieu-generique.jpg\",\"contentUrl\":\"https:\\\/\\\/www.montolieu-livre.fr\\\/wp-content\\\/uploads\\\/2021\\\/08\\\/cropped-logo-montolieu-generique.jpg\",\"width\":512,\"height\":512,\"caption\":\"Montolieu Village du Livre\"},\"image\":{\"@id\":\"https:\\\/\\\/www.montolieu-livre.fr\\\/en\\\/#\\\/schema\\\/logo\\\/image\\\/\"},\"sameAs\":[\"https:\\\/\\\/www.facebook.com\\\/Montolieu-Village-du-Livre-et-des-Arts-109746894657727\"]}]}<\/script>\n<!-- \/ Yoast SEO plugin. -->","yoast_head_json":{"title":"Mus\u00e9e-Coop\u00e9rative Collection C\u00e9r\u00e8s Franco - Montolieu","description":"MUSEE-COOPERATIVE COLLECTION C\u00c9R\u00c8S FRANCO Historian and art critic, curator and gallery owner, C\u00e9res Franco has never ceased to collect works from all Mus\u00e9e-Coop\u00e9rative Collection C\u00e9r\u00e8s Franco, Montolieu Village du Livre Montolieu","robots":{"index":"index","follow":"follow","max-snippet":"max-snippet:-1","max-image-preview":"max-image-preview:large","max-video-preview":"max-video-preview:-1"},"canonical":"https:\/\/www.montolieu-livre.fr\/en\/art\/musee-cooperative-collection-ceres-franco\/","og_locale":"en_US","og_type":"article","og_title":"Mus\u00e9e-Coop\u00e9rative Collection C\u00e9r\u00e8s Franco - Montolieu","og_description":"MUSEE-COOPERATIVE COLLECTION C\u00c9R\u00c8S FRANCO Historian and art critic, curator and gallery owner, C\u00e9res Franco has never ceased to collect works from all Mus\u00e9e-Coop\u00e9rative Collection C\u00e9r\u00e8s Franco, Montolieu Village du Livre Montolieu","og_url":"https:\/\/www.montolieu-livre.fr\/en\/art\/musee-cooperative-collection-ceres-franco\/","og_site_name":"Montolieu","article_publisher":"https:\/\/www.facebook.com\/Montolieu-Village-du-Livre-et-des-Arts-109746894657727","article_modified_time":"2023-02-22T16:59:20+00:00","og_image":[{"width":350,"height":250,"url":"https:\/\/www.montolieu-livre.fr\/wp-content\/uploads\/2021\/09\/logo-p.jpg","type":"image\/jpeg"}],"twitter_card":"summary_large_image","twitter_misc":{"Est. reading time":"2 minutes"},"schema":{"@context":"https:\/\/schema.org","@graph":[{"@type":"WebPage","@id":"https:\/\/www.montolieu-livre.fr\/en\/art\/musee-cooperative-collection-ceres-franco\/","url":"https:\/\/www.montolieu-livre.fr\/en\/art\/musee-cooperative-collection-ceres-franco\/","name":"Mus\u00e9e-Coop\u00e9rative Collection C\u00e9r\u00e8s Franco - Montolieu","isPartOf":{"@id":"https:\/\/www.montolieu-livre.fr\/en\/#website"},"primaryImageOfPage":{"@id":"https:\/\/www.montolieu-livre.fr\/en\/art\/musee-cooperative-collection-ceres-franco\/#primaryimage"},"image":{"@id":"https:\/\/www.montolieu-livre.fr\/en\/art\/musee-cooperative-collection-ceres-franco\/#primaryimage"},"thumbnailUrl":"https:\/\/www.montolieu-livre.fr\/wp-content\/uploads\/2021\/09\/logo-p.jpg","datePublished":"2021-07-12T14:32:25+00:00","dateModified":"2023-02-22T16:59:20+00:00","description":"MUSEE-COOPERATIVE COLLECTION C\u00c9R\u00c8S FRANCO Historian and art critic, curator and gallery owner, C\u00e9res Franco has never ceased to collect works from all Mus\u00e9e-Coop\u00e9rative Collection C\u00e9r\u00e8s Franco, Montolieu Village du Livre Montolieu","breadcrumb":{"@id":"https:\/\/www.montolieu-livre.fr\/en\/art\/musee-cooperative-collection-ceres-franco\/#breadcrumb"},"inLanguage":"en-US","potentialAction":[{"@type":"ReadAction","target":["https:\/\/www.montolieu-livre.fr\/en\/art\/musee-cooperative-collection-ceres-franco\/"]}]},{"@type":"ImageObject","inLanguage":"en-US","@id":"https:\/\/www.montolieu-livre.fr\/en\/art\/musee-cooperative-collection-ceres-franco\/#primaryimage","url":"https:\/\/www.montolieu-livre.fr\/wp-content\/uploads\/2021\/09\/logo-p.jpg","contentUrl":"https:\/\/www.montolieu-livre.fr\/wp-content\/uploads\/2021\/09\/logo-p.jpg","width":350,"height":250},{"@type":"BreadcrumbList","@id":"https:\/\/www.montolieu-livre.fr\/en\/art\/musee-cooperative-collection-ceres-franco\/#breadcrumb","itemListElement":[{"@type":"ListItem","position":1,"name":"Home","item":"https:\/\/www.montolieu-livre.fr\/en\/"},{"@type":"ListItem","position":2,"name":"Art","item":"https:\/\/www.montolieu-livre.fr\/en\/art\/"},{"@type":"ListItem","position":3,"name":"Mus\u00e9e-Coop\u00e9rative Collection C\u00e9r\u00e8s Franco"}]},{"@type":"WebSite","@id":"https:\/\/www.montolieu-livre.fr\/en\/#website","url":"https:\/\/www.montolieu-livre.fr\/en\/","name":"Montolieu","description":"Montolieu Village du Livre","publisher":{"@id":"https:\/\/www.montolieu-livre.fr\/en\/#organization"},"potentialAction":[{"@type":"SearchAction","target":{"@type":"EntryPoint","urlTemplate":"https:\/\/www.montolieu-livre.fr\/en\/?s={search_term_string}"},"query-input":{"@type":"PropertyValueSpecification","valueRequired":true,"valueName":"search_term_string"}}],"inLanguage":"en-US"},{"@type":"Organization","@id":"https:\/\/www.montolieu-livre.fr\/en\/#organization","name":"Montolieu Village du Livre","url":"https:\/\/www.montolieu-livre.fr\/en\/","logo":{"@type":"ImageObject","inLanguage":"en-US","@id":"https:\/\/www.montolieu-livre.fr\/en\/#\/schema\/logo\/image\/","url":"https:\/\/www.montolieu-livre.fr\/wp-content\/uploads\/2021\/08\/cropped-logo-montolieu-generique.jpg","contentUrl":"https:\/\/www.montolieu-livre.fr\/wp-content\/uploads\/2021\/08\/cropped-logo-montolieu-generique.jpg","width":512,"height":512,"caption":"Montolieu Village du Livre"},"image":{"@id":"https:\/\/www.montolieu-livre.fr\/en\/#\/schema\/logo\/image\/"},"sameAs":["https:\/\/www.facebook.com\/Montolieu-Village-du-Livre-et-des-Arts-109746894657727"]}]}},"_links":{"self":[{"href":"https:\/\/www.montolieu-livre.fr\/en\/wp-json\/wp\/v2\/pages\/4136","targetHints":{"allow":["GET"]}}],"collection":[{"href":"https:\/\/www.montolieu-livre.fr\/en\/wp-json\/wp\/v2\/pages"}],"about":[{"href":"https:\/\/www.montolieu-livre.fr\/en\/wp-json\/wp\/v2\/types\/page"}],"author":[{"embeddable":true,"href":"https:\/\/www.montolieu-livre.fr\/en\/wp-json\/wp\/v2\/users\/1"}],"replies":[{"embeddable":true,"href":"https:\/\/www.montolieu-livre.fr\/en\/wp-json\/wp\/v2\/comments?post=4136"}],"version-history":[{"count":1,"href":"https:\/\/www.montolieu-livre.fr\/en\/wp-json\/wp\/v2\/pages\/4136\/revisions"}],"predecessor-version":[{"id":4252,"href":"https:\/\/www.montolieu-livre.fr\/en\/wp-json\/wp\/v2\/pages\/4136\/revisions\/4252"}],"up":[{"embeddable":true,"href":"https:\/\/www.montolieu-livre.fr\/en\/wp-json\/wp\/v2\/pages\/4137"}],"wp:featuredmedia":[{"embeddable":true,"href":"https:\/\/www.montolieu-livre.fr\/en\/wp-json\/wp\/v2\/media\/3021"}],"wp:attachment":[{"href":"https:\/\/www.montolieu-livre.fr\/en\/wp-json\/wp\/v2\/media?parent=4136"}],"curies":[{"name":"wp","href":"https:\/\/api.w.org\/{rel}","templated":true}]}}